{"id":378,"date":"2016-09-30T08:25:06","date_gmt":"2016-09-30T08:25:06","guid":{"rendered":"http:\/\/clickglobal.ro\/euroagrement\/?page_id=378"},"modified":"2022-06-06T11:17:29","modified_gmt":"2022-06-06T11:17:29","slug":"strand-euroagrement-gherla-jacuzzi-si-sauna","status":"publish","type":"page","link":"https:\/\/euroagrement.ro\/index.php\/strand-euroagrement-gherla-jacuzzi-si-sauna\/","title":{"rendered":"Jacuzzi \u0219i saun\u0103"},"content":{"rendered":"\t\t<div data-elementor-type=\"wp-page\" data-elementor-id=\"378\" class=\"elementor elementor-378\" data-elementor-post-type=\"page\">\n\t\t\t\t\t\t<section class=\"elementor-section elementor-top-section elementor-element elementor-element-1d75c5fa elementor-section-boxed elementor-section-height-default elementor-section-height-default\" data-id=\"1d75c5fa\" data-element_type=\"section\">\n\t\t\t\t\t\t<div class=\"elementor-container elementor-column-gap-default\">\n\t\t\t\t\t<div class=\"elementor-column elementor-col-100 elementor-top-column elementor-element elementor-element-3316bd03\" data-id=\"3316bd03\" data-element_type=\"column\">\n\t\t\t<div class=\"elementor-widget-wrap elementor-element-populated\">\n\t\t\t\t\t\t<div class=\"elementor-element elementor-element-7943376a elementor-widget elementor-widget-heading\" data-id=\"7943376a\" data-element_type=\"widget\" data-widget_type=\"heading.default\">\n\t\t\t\t<div class=\"elementor-widget-container\">\n\t\t\t\t\t<h2 class=\"elementor-heading-title elementor-size-default\">JACUZZI \u0218I SAUN\u0102<\/h2>\t\t\t\t<\/div>\n\t\t\t\t<\/div>\n\t\t\t\t\t<\/div>\n\t\t<\/div>\n\t\t\t\t\t<\/div>\n\t\t<\/section>\n\t\t\t\t<section class=\"elementor-section elementor-top-section elementor-element elementor-element-47bb1bec elementor-section-boxed elementor-section-height-default elementor-section-height-default\" data-id=\"47bb1bec\" data-element_type=\"section\">\n\t\t\t\t\t\t<div class=\"elementor-container elementor-column-gap-default\">\n\t\t\t\t\t<div class=\"elementor-column elementor-col-50 elementor-top-column elementor-element elementor-element-6e8c91bb\" data-id=\"6e8c91bb\" data-element_type=\"column\">\n\t\t\t<div class=\"elementor-widget-wrap elementor-element-populated\">\n\t\t\t\t\t\t<div class=\"elementor-element elementor-element-74d19414 elementor-widget elementor-widget-image\" data-id=\"74d19414\" data-element_type=\"widget\" data-widget_type=\"image.default\">\n\t\t\t\t<div class=\"elementor-widget-container\">\n\t\t\t\t\t\t\t\t\t\t\t\t\t\t\t<img fetchpriority=\"high\" decoding=\"async\" width=\"600\" height=\"399\" src=\"https:\/\/euroagrement.ro\/wp-content\/uploads\/2016\/09\/342.jpg\" class=\"attachment-large size-large wp-image-330\" alt=\"\" srcset=\"https:\/\/euroagrement.ro\/wp-content\/uploads\/2016\/09\/342.jpg 600w, https:\/\/euroagrement.ro\/wp-content\/uploads\/2016\/09\/342-300x200.jpg 300w\" sizes=\"(max-width: 600px) 100vw, 600px\" \/>\t\t\t\t\t\t\t\t\t\t\t\t\t\t\t<\/div>\n\t\t\t\t<\/div>\n\t\t\t\t\t<\/div>\n\t\t<\/div>\n\t\t\t\t<div class=\"elementor-column elementor-col-50 elementor-top-column elementor-element elementor-element-4bab6bb8\" data-id=\"4bab6bb8\" data-element_type=\"column\">\n\t\t\t<div class=\"elementor-widget-wrap elementor-element-populated\">\n\t\t\t\t\t\t<div class=\"elementor-element elementor-element-23f309df elementor-widget elementor-widget-text-editor\" data-id=\"23f309df\" data-element_type=\"widget\" data-widget_type=\"text-editor.default\">\n\t\t\t\t<div class=\"elementor-widget-container\">\n\t\t\t\t\t\t\t\t\t<div class=\"one\" style=\"padding: 0px 0 0px 0;\">\n<div class=\"standard_wrapper\">\n<div class=\"page_content_wrapper\">\n<div class=\"inner\">\n<div class=\"one_half content_middle animate textright\">\n<div class=\"one_half content_middle animate textright\">\n<p>Relaxeaz\u0103-te \u0219i descoper\u0103 efectele terapeutice ale saunei.<\/p>\n<p>Beneficii saun\u0103:<\/p>\n<ul style=\"margin-left: 25px;\">\n<li>Relaxare muscular\u0103 \u0219i psihic\u0103<\/li>\n<li>Eliminarea reziduurilor<\/li>\n<li>Normalizarea presiunii arteriale<\/li>\n<li>Regleaz\u0103 satura\u021bia oxigenului in s\u00e2nge<\/li>\n<li>Cur\u0103\u021birea pielii \u0219i stimularea regener\u0103rii celulare<\/li>\n<li>Stimularea sistemului hipofizo-suprarenal<\/li>\n<li>Modificarea st\u0103rii vegetative cu senza\u021bie general\u0103 de bun\u0103 dispozi\u021bie<\/li>\n<\/ul>\n<\/div>\n<div class=\"one_half last\">&nbsp;<\/div>\n<\/div>\n<\/div>\n<div class=\"inner\">\n<div class=\"one_half last\">&nbsp;<\/div>\n<\/div>\n<\/div>\n<\/div>\n<\/div>\n<div class=\"one\" style=\"padding: 0px 0 0px 0;\">\n<div class=\"standard_wrapper\">\n<div class=\"page_content_wrapper\">\n<div class=\"inner\">\n<div class=\"one_half content_middle animate textright\">&nbsp;<\/div>\n<\/div>\n<\/div>\n<\/div>\n<\/div>\t\t\t\t\t\t\t\t<\/div>\n\t\t\t\t<\/div>\n\t\t\t\t\t<\/div>\n\t\t<\/div>\n\t\t\t\t\t<\/div>\n\t\t<\/section>\n\t\t\t\t<\/div>\n\t\t","protected":false},"excerpt":{"rendered":"<p>JACUZZI \u0218I SAUN\u0102 Relaxeaz\u0103-te \u0219i descoper\u0103 efectele terapeutice ale saunei. Beneficii saun\u0103: Relaxare muscular\u0103 \u0219i psihic\u0103 Eliminarea reziduurilor Normalizarea presiunii arteriale Regleaz\u0103 satura\u021bia oxigenului in s\u00e2nge Cur\u0103\u021birea pielii \u0219i stimularea regener\u0103rii celulare Stimularea sistemului hipofizo-suprarenal Modificarea st\u0103rii vegetative cu senza\u021bie general\u0103 de bun\u0103 dispozi\u021bie &nbsp; &nbsp; &nbsp;<\/p>\n","protected":false},"author":1,"featured_media":0,"parent":0,"menu_order":0,"comment_status":"closed","ping_status":"closed","template":"","meta":{"footnotes":""},"class_list":["post-378","page","type-page","status-publish","hentry"],"yoast_head":"<!-- This site is optimized with the Yoast SEO plugin v25.1 - https:\/\/yoast.com\/wordpress\/plugins\/seo\/ -->\n<title>Strandul Euroagrement Gherla - Baza de agrement Gherla<\/title>\n<meta name=\"description\" content=\"Relaxeaza-te si descopera efectele terapeutice ale hidromasajului si saunei. Beneficii hidromasaj: \u00cembunatesete circulatia s\u00e2ngelui, Relaxeaza muschii...\" \/>\n<meta name=\"robots\" content=\"index, follow, max-snippet:-1, max-image-preview:large, max-video-preview:-1\" \/>\n<link rel=\"canonical\" href=\"https:\/\/euroagrement.ro\/index.php\/strand-euroagrement-gherla-jacuzzi-si-sauna\/\" \/>\n<meta property=\"og:locale\" content=\"ro_RO\" \/>\n<meta property=\"og:type\" content=\"article\" \/>\n<meta property=\"og:title\" content=\"Strandul Euroagrement Gherla - Baza de agrement Gherla\" \/>\n<meta property=\"og:description\" content=\"Relaxeaza-te si descopera efectele terapeutice ale hidromasajului si saunei. Beneficii hidromasaj: \u00cembunatesete circulatia s\u00e2ngelui, Relaxeaza muschii...\" \/>\n<meta property=\"og:url\" content=\"https:\/\/euroagrement.ro\/index.php\/strand-euroagrement-gherla-jacuzzi-si-sauna\/\" \/>\n<meta property=\"og:site_name\" content=\"Euroagrement\" \/>\n<meta property=\"article:modified_time\" content=\"2022-06-06T11:17:29+00:00\" \/>\n<meta property=\"og:image\" content=\"https:\/\/euroagrement.ro\/wp-content\/uploads\/2016\/09\/342.jpg\" \/>\n<meta name=\"twitter:card\" content=\"summary_large_image\" \/>\n<meta name=\"twitter:label1\" content=\"Timp estimat pentru citire\" \/>\n\t<meta name=\"twitter:data1\" content=\"1 minut\" \/>\n<script type=\"application\/ld+json\" class=\"yoast-schema-graph\">{\"@context\":\"https:\/\/schema.org\",\"@graph\":[{\"@type\":\"WebPage\",\"@id\":\"https:\/\/euroagrement.ro\/index.php\/strand-euroagrement-gherla-jacuzzi-si-sauna\/\",\"url\":\"https:\/\/euroagrement.ro\/index.php\/strand-euroagrement-gherla-jacuzzi-si-sauna\/\",\"name\":\"Strandul Euroagrement Gherla - Baza de agrement Gherla\",\"isPartOf\":{\"@id\":\"https:\/\/euroagrement.ro\/#website\"},\"primaryImageOfPage\":{\"@id\":\"https:\/\/euroagrement.ro\/index.php\/strand-euroagrement-gherla-jacuzzi-si-sauna\/#primaryimage\"},\"image\":{\"@id\":\"https:\/\/euroagrement.ro\/index.php\/strand-euroagrement-gherla-jacuzzi-si-sauna\/#primaryimage\"},\"thumbnailUrl\":\"https:\/\/euroagrement.ro\/wp-content\/uploads\/2016\/09\/342.jpg\",\"datePublished\":\"2016-09-30T08:25:06+00:00\",\"dateModified\":\"2022-06-06T11:17:29+00:00\",\"description\":\"Relaxeaza-te si descopera efectele terapeutice ale hidromasajului si saunei. Beneficii hidromasaj: \u00cembunatesete circulatia s\u00e2ngelui, Relaxeaza muschii...\",\"breadcrumb\":{\"@id\":\"https:\/\/euroagrement.ro\/index.php\/strand-euroagrement-gherla-jacuzzi-si-sauna\/#breadcrumb\"},\"inLanguage\":\"ro-RO\",\"potentialAction\":[{\"@type\":\"ReadAction\",\"target\":[\"https:\/\/euroagrement.ro\/index.php\/strand-euroagrement-gherla-jacuzzi-si-sauna\/\"]}]},{\"@type\":\"ImageObject\",\"inLanguage\":\"ro-RO\",\"@id\":\"https:\/\/euroagrement.ro\/index.php\/strand-euroagrement-gherla-jacuzzi-si-sauna\/#primaryimage\",\"url\":\"https:\/\/euroagrement.ro\/wp-content\/uploads\/2016\/09\/342.jpg\",\"contentUrl\":\"https:\/\/euroagrement.ro\/wp-content\/uploads\/2016\/09\/342.jpg\",\"width\":600,\"height\":399},{\"@type\":\"BreadcrumbList\",\"@id\":\"https:\/\/euroagrement.ro\/index.php\/strand-euroagrement-gherla-jacuzzi-si-sauna\/#breadcrumb\",\"itemListElement\":[{\"@type\":\"ListItem\",\"position\":1,\"name\":\"Prima pagin\u0103\",\"item\":\"https:\/\/euroagrement.ro\/\"},{\"@type\":\"ListItem\",\"position\":2,\"name\":\"Jacuzzi \u0219i saun\u0103\"}]},{\"@type\":\"WebSite\",\"@id\":\"https:\/\/euroagrement.ro\/#website\",\"url\":\"https:\/\/euroagrement.ro\/\",\"name\":\"Euroagrement\",\"description\":\"\",\"publisher\":{\"@id\":\"https:\/\/euroagrement.ro\/#organization\"},\"potentialAction\":[{\"@type\":\"SearchAction\",\"target\":{\"@type\":\"EntryPoint\",\"urlTemplate\":\"https:\/\/euroagrement.ro\/?s={search_term_string}\"},\"query-input\":{\"@type\":\"PropertyValueSpecification\",\"valueRequired\":true,\"valueName\":\"search_term_string\"}}],\"inLanguage\":\"ro-RO\"},{\"@type\":\"Organization\",\"@id\":\"https:\/\/euroagrement.ro\/#organization\",\"name\":\"Euroagrement\",\"url\":\"https:\/\/euroagrement.ro\/\",\"logo\":{\"@type\":\"ImageObject\",\"inLanguage\":\"ro-RO\",\"@id\":\"https:\/\/euroagrement.ro\/#\/schema\/logo\/image\/\",\"url\":\"https:\/\/euroagrement.ro\/wp-content\/uploads\/2016\/09\/cropped-logo-3-2.png\",\"contentUrl\":\"https:\/\/euroagrement.ro\/wp-content\/uploads\/2016\/09\/cropped-logo-3-2.png\",\"width\":398,\"height\":142,\"caption\":\"Euroagrement\"},\"image\":{\"@id\":\"https:\/\/euroagrement.ro\/#\/schema\/logo\/image\/\"}}]}<\/script>\n<!-- \/ Yoast SEO plugin. -->","yoast_head_json":{"title":"Strandul Euroagrement Gherla - Baza de agrement Gherla","description":"Relaxeaza-te si descopera efectele terapeutice ale hidromasajului si saunei. Beneficii hidromasaj: \u00cembunatesete circulatia s\u00e2ngelui, Relaxeaza muschii...","robots":{"index":"index","follow":"follow","max-snippet":"max-snippet:-1","max-image-preview":"max-image-preview:large","max-video-preview":"max-video-preview:-1"},"canonical":"https:\/\/euroagrement.ro\/index.php\/strand-euroagrement-gherla-jacuzzi-si-sauna\/","og_locale":"ro_RO","og_type":"article","og_title":"Strandul Euroagrement Gherla - Baza de agrement Gherla","og_description":"Relaxeaza-te si descopera efectele terapeutice ale hidromasajului si saunei. Beneficii hidromasaj: \u00cembunatesete circulatia s\u00e2ngelui, Relaxeaza muschii...","og_url":"https:\/\/euroagrement.ro\/index.php\/strand-euroagrement-gherla-jacuzzi-si-sauna\/","og_site_name":"Euroagrement","article_modified_time":"2022-06-06T11:17:29+00:00","og_image":[{"url":"https:\/\/euroagrement.ro\/wp-content\/uploads\/2016\/09\/342.jpg","type":"","width":"","height":""}],"twitter_card":"summary_large_image","twitter_misc":{"Timp estimat pentru citire":"1 minut"},"schema":{"@context":"https:\/\/schema.org","@graph":[{"@type":"WebPage","@id":"https:\/\/euroagrement.ro\/index.php\/strand-euroagrement-gherla-jacuzzi-si-sauna\/","url":"https:\/\/euroagrement.ro\/index.php\/strand-euroagrement-gherla-jacuzzi-si-sauna\/","name":"Strandul Euroagrement Gherla - Baza de agrement Gherla","isPartOf":{"@id":"https:\/\/euroagrement.ro\/#website"},"primaryImageOfPage":{"@id":"https:\/\/euroagrement.ro\/index.php\/strand-euroagrement-gherla-jacuzzi-si-sauna\/#primaryimage"},"image":{"@id":"https:\/\/euroagrement.ro\/index.php\/strand-euroagrement-gherla-jacuzzi-si-sauna\/#primaryimage"},"thumbnailUrl":"https:\/\/euroagrement.ro\/wp-content\/uploads\/2016\/09\/342.jpg","datePublished":"2016-09-30T08:25:06+00:00","dateModified":"2022-06-06T11:17:29+00:00","description":"Relaxeaza-te si descopera efectele terapeutice ale hidromasajului si saunei. Beneficii hidromasaj: \u00cembunatesete circulatia s\u00e2ngelui, Relaxeaza muschii...","breadcrumb":{"@id":"https:\/\/euroagrement.ro\/index.php\/strand-euroagrement-gherla-jacuzzi-si-sauna\/#breadcrumb"},"inLanguage":"ro-RO","potentialAction":[{"@type":"ReadAction","target":["https:\/\/euroagrement.ro\/index.php\/strand-euroagrement-gherla-jacuzzi-si-sauna\/"]}]},{"@type":"ImageObject","inLanguage":"ro-RO","@id":"https:\/\/euroagrement.ro\/index.php\/strand-euroagrement-gherla-jacuzzi-si-sauna\/#primaryimage","url":"https:\/\/euroagrement.ro\/wp-content\/uploads\/2016\/09\/342.jpg","contentUrl":"https:\/\/euroagrement.ro\/wp-content\/uploads\/2016\/09\/342.jpg","width":600,"height":399},{"@type":"BreadcrumbList","@id":"https:\/\/euroagrement.ro\/index.php\/strand-euroagrement-gherla-jacuzzi-si-sauna\/#breadcrumb","itemListElement":[{"@type":"ListItem","position":1,"name":"Prima pagin\u0103","item":"https:\/\/euroagrement.ro\/"},{"@type":"ListItem","position":2,"name":"Jacuzzi \u0219i saun\u0103"}]},{"@type":"WebSite","@id":"https:\/\/euroagrement.ro\/#website","url":"https:\/\/euroagrement.ro\/","name":"Euroagrement","description":"","publisher":{"@id":"https:\/\/euroagrement.ro\/#organization"},"potentialAction":[{"@type":"SearchAction","target":{"@type":"EntryPoint","urlTemplate":"https:\/\/euroagrement.ro\/?s={search_term_string}"},"query-input":{"@type":"PropertyValueSpecification","valueRequired":true,"valueName":"search_term_string"}}],"inLanguage":"ro-RO"},{"@type":"Organization","@id":"https:\/\/euroagrement.ro\/#organization","name":"Euroagrement","url":"https:\/\/euroagrement.ro\/","logo":{"@type":"ImageObject","inLanguage":"ro-RO","@id":"https:\/\/euroagrement.ro\/#\/schema\/logo\/image\/","url":"https:\/\/euroagrement.ro\/wp-content\/uploads\/2016\/09\/cropped-logo-3-2.png","contentUrl":"https:\/\/euroagrement.ro\/wp-content\/uploads\/2016\/09\/cropped-logo-3-2.png","width":398,"height":142,"caption":"Euroagrement"},"image":{"@id":"https:\/\/euroagrement.ro\/#\/schema\/logo\/image\/"}}]}},"_links":{"self":[{"href":"https:\/\/euroagrement.ro\/index.php\/wp-json\/wp\/v2\/pages\/378","targetHints":{"allow":["GET"]}}],"collection":[{"href":"https:\/\/euroagrement.ro\/index.php\/wp-json\/wp\/v2\/pages"}],"about":[{"href":"https:\/\/euroagrement.ro\/index.php\/wp-json\/wp\/v2\/types\/page"}],"author":[{"embeddable":true,"href":"https:\/\/euroagrement.ro\/index.php\/wp-json\/wp\/v2\/users\/1"}],"replies":[{"embeddable":true,"href":"https:\/\/euroagrement.ro\/index.php\/wp-json\/wp\/v2\/comments?post=378"}],"version-history":[{"count":42,"href":"https:\/\/euroagrement.ro\/index.php\/wp-json\/wp\/v2\/pages\/378\/revisions"}],"predecessor-version":[{"id":1731,"href":"https:\/\/euroagrement.ro\/index.php\/wp-json\/wp\/v2\/pages\/378\/revisions\/1731"}],"wp:attachment":[{"href":"https:\/\/euroagrement.ro\/index.php\/wp-json\/wp\/v2\/media?parent=378"}],"curies":[{"name":"wp","href":"https:\/\/api.w.org\/{rel}","templated":true}]}}