{"id":361,"date":"2016-09-30T08:04:03","date_gmt":"2016-09-30T08:04:03","guid":{"rendered":"http:\/\/clickglobal.ro\/euroagrement\/?page_id=361"},"modified":"2022-06-06T11:23:48","modified_gmt":"2022-06-06T11:23:48","slug":"strand-euroagrement-gherla-bazin-apa-dulce","status":"publish","type":"page","link":"https:\/\/euroagrement.ro\/index.php\/strand-euroagrement-gherla-bazin-apa-dulce\/","title":{"rendered":"Bazine apa dulce"},"content":{"rendered":"\t\t<div data-elementor-type=\"wp-page\" data-elementor-id=\"361\" class=\"elementor elementor-361\" data-elementor-post-type=\"page\">\n\t\t\t\t\t\t<section class=\"elementor-section elementor-top-section elementor-element elementor-element-0bf8750 elementor-section-boxed elementor-section-height-default elementor-section-height-default\" data-id=\"0bf8750\" data-element_type=\"section\">\n\t\t\t\t\t\t<div class=\"elementor-container elementor-column-gap-default\">\n\t\t\t\t\t<div class=\"elementor-column elementor-col-100 elementor-top-column elementor-element elementor-element-7548e25\" data-id=\"7548e25\" data-element_type=\"column\">\n\t\t\t<div class=\"elementor-widget-wrap elementor-element-populated\">\n\t\t\t\t\t\t<div class=\"elementor-element elementor-element-d2066d5 elementor-widget elementor-widget-heading\" data-id=\"d2066d5\" data-element_type=\"widget\" data-widget_type=\"heading.default\">\n\t\t\t\t<div class=\"elementor-widget-container\">\n\t\t\t\t\t<h2 class=\"elementor-heading-title elementor-size-default\">BAZIN AP\u0102 DULCE<\/h2>\t\t\t\t<\/div>\n\t\t\t\t<\/div>\n\t\t\t\t\t<\/div>\n\t\t<\/div>\n\t\t\t\t\t<\/div>\n\t\t<\/section>\n\t\t\t\t<section class=\"elementor-section elementor-top-section elementor-element elementor-element-3bc6a515 elementor-section-boxed elementor-section-height-default elementor-section-height-default\" data-id=\"3bc6a515\" data-element_type=\"section\">\n\t\t\t\t\t\t<div class=\"elementor-container elementor-column-gap-default\">\n\t\t\t\t\t<div class=\"elementor-column elementor-col-50 elementor-top-column elementor-element elementor-element-dd155e3\" data-id=\"dd155e3\" data-element_type=\"column\">\n\t\t\t<div class=\"elementor-widget-wrap elementor-element-populated\">\n\t\t\t\t\t\t<div class=\"elementor-element elementor-element-2ec4179 elementor-widget elementor-widget-image\" data-id=\"2ec4179\" data-element_type=\"widget\" data-widget_type=\"image.default\">\n\t\t\t\t<div class=\"elementor-widget-container\">\n\t\t\t\t\t\t\t\t\t\t\t\t\t\t\t<img fetchpriority=\"high\" decoding=\"async\" width=\"600\" height=\"400\" src=\"https:\/\/euroagrement.ro\/wp-content\/uploads\/2021\/08\/23.jpg\" class=\"attachment-large size-large wp-image-800\" alt=\"\" srcset=\"https:\/\/euroagrement.ro\/wp-content\/uploads\/2021\/08\/23.jpg 600w, https:\/\/euroagrement.ro\/wp-content\/uploads\/2021\/08\/23-300x200.jpg 300w\" sizes=\"(max-width: 600px) 100vw, 600px\" \/>\t\t\t\t\t\t\t\t\t\t\t\t\t\t\t<\/div>\n\t\t\t\t<\/div>\n\t\t\t\t\t<\/div>\n\t\t<\/div>\n\t\t\t\t<div class=\"elementor-column elementor-col-50 elementor-top-column elementor-element elementor-element-a59c8be\" data-id=\"a59c8be\" data-element_type=\"column\">\n\t\t\t<div class=\"elementor-widget-wrap elementor-element-populated\">\n\t\t\t\t\t\t<div class=\"elementor-element elementor-element-4a661c28 elementor-widget elementor-widget-text-editor\" data-id=\"4a661c28\" data-element_type=\"widget\" data-widget_type=\"text-editor.default\">\n\t\t\t\t<div class=\"elementor-widget-container\">\n\t\t\t\t\t\t\t\t\t<div style=\"padding: 0px 0 0px 0;\"><div><div><div><div><p><strong style=\"font-weight: bold !important; color: #fffff;\">\u00a0Euroagrement <\/strong><span style=\"font-weight: 500; color: #fffff;\">\u00a0v\u0103 pune la dispozi\u021bie un<\/span> bazin interior de 84mp, care are o\u00a0adancime de 0.6-1.4m, o temperatur\u0103 constant\u0103 de 30-32<b style=\"color: #ffffff;\">\u00b0<\/b>C.<\/p><p>\u00a0<\/p><p>\u00a0<\/p><\/div><\/div><div><div><p>Euroagrement\u00a0 v\u0103 pune la dispozi\u021bie<span style=\"color: var( --e-global-color-text );\">\u00a0dou\u0103 bazine exterioare cu ap\u0103 dulce ce au au o ad\u00e2ncime \u00eentre 0.6 \u0219i 1.4m.<\/span><span style=\"color: var( --e-global-color-text ); font-family: var( --e-global-typography-text-font-family ), Sans-serif; font-size: 1rem;\">\u00a0<\/span><\/p><\/div><div>\u00a0<\/div><\/div><\/div><\/div><\/div><div style=\"padding: 0px 0 0px 0;\"><div><div><div><div>\u00a0<\/div><\/div><\/div><\/div><\/div>\t\t\t\t\t\t\t\t<\/div>\n\t\t\t\t<\/div>\n\t\t\t\t\t<\/div>\n\t\t<\/div>\n\t\t\t\t\t<\/div>\n\t\t<\/section>\n\t\t\t\t<section class=\"elementor-section elementor-top-section elementor-element elementor-element-437eef9 elementor-section-boxed elementor-section-height-default elementor-section-height-default\" data-id=\"437eef9\" data-element_type=\"section\">\n\t\t\t\t\t\t<div class=\"elementor-container elementor-column-gap-default\">\n\t\t\t\t\t<div class=\"elementor-column elementor-col-33 elementor-top-column elementor-element elementor-element-42c0d43\" data-id=\"42c0d43\" data-element_type=\"column\">\n\t\t\t<div class=\"elementor-widget-wrap elementor-element-populated\">\n\t\t\t\t\t\t<div class=\"elementor-element elementor-element-fccd70a elementor-widget elementor-widget-image\" data-id=\"fccd70a\" data-element_type=\"widget\" data-widget_type=\"image.default\">\n\t\t\t\t<div class=\"elementor-widget-container\">\n\t\t\t\t\t\t\t\t\t\t\t\t\t\t\t<img decoding=\"async\" width=\"600\" height=\"400\" src=\"https:\/\/euroagrement.ro\/wp-content\/uploads\/2016\/09\/6532.jpg\" class=\"attachment-large size-large wp-image-328\" alt=\"\" srcset=\"https:\/\/euroagrement.ro\/wp-content\/uploads\/2016\/09\/6532.jpg 600w, https:\/\/euroagrement.ro\/wp-content\/uploads\/2016\/09\/6532-300x200.jpg 300w\" sizes=\"(max-width: 600px) 100vw, 600px\" \/>\t\t\t\t\t\t\t\t\t\t\t\t\t\t\t<\/div>\n\t\t\t\t<\/div>\n\t\t\t\t\t<\/div>\n\t\t<\/div>\n\t\t\t\t<div class=\"elementor-column elementor-col-33 elementor-top-column elementor-element elementor-element-af6a5b5\" data-id=\"af6a5b5\" data-element_type=\"column\">\n\t\t\t<div class=\"elementor-widget-wrap elementor-element-populated\">\n\t\t\t\t\t\t<div class=\"elementor-element elementor-element-21a5d26 elementor-widget elementor-widget-image\" data-id=\"21a5d26\" data-element_type=\"widget\" data-widget_type=\"image.default\">\n\t\t\t\t<div class=\"elementor-widget-container\">\n\t\t\t\t\t\t\t\t\t\t\t\t\t\t\t<img decoding=\"async\" width=\"600\" height=\"399\" src=\"https:\/\/euroagrement.ro\/wp-content\/uploads\/2016\/09\/211111.jpg\" class=\"attachment-large size-large wp-image-317\" alt=\"\" srcset=\"https:\/\/euroagrement.ro\/wp-content\/uploads\/2016\/09\/211111.jpg 600w, https:\/\/euroagrement.ro\/wp-content\/uploads\/2016\/09\/211111-300x200.jpg 300w\" sizes=\"(max-width: 600px) 100vw, 600px\" \/>\t\t\t\t\t\t\t\t\t\t\t\t\t\t\t<\/div>\n\t\t\t\t<\/div>\n\t\t\t\t\t<\/div>\n\t\t<\/div>\n\t\t\t\t<div class=\"elementor-column elementor-col-33 elementor-top-column elementor-element elementor-element-0786cdd\" data-id=\"0786cdd\" data-element_type=\"column\">\n\t\t\t<div class=\"elementor-widget-wrap elementor-element-populated\">\n\t\t\t\t\t\t<div class=\"elementor-element elementor-element-3c91a01 elementor-widget elementor-widget-image\" data-id=\"3c91a01\" data-element_type=\"widget\" data-widget_type=\"image.default\">\n\t\t\t\t<div class=\"elementor-widget-container\">\n\t\t\t\t\t\t\t\t\t\t\t\t\t\t\t<img loading=\"lazy\" decoding=\"async\" width=\"600\" height=\"399\" src=\"https:\/\/euroagrement.ro\/wp-content\/uploads\/2016\/09\/4323.jpg\" class=\"attachment-large size-large wp-image-321\" alt=\"\" srcset=\"https:\/\/euroagrement.ro\/wp-content\/uploads\/2016\/09\/4323.jpg 600w, https:\/\/euroagrement.ro\/wp-content\/uploads\/2016\/09\/4323-300x200.jpg 300w\" sizes=\"(max-width: 600px) 100vw, 600px\" \/>\t\t\t\t\t\t\t\t\t\t\t\t\t\t\t<\/div>\n\t\t\t\t<\/div>\n\t\t\t\t\t<\/div>\n\t\t<\/div>\n\t\t\t\t\t<\/div>\n\t\t<\/section>\n\t\t\t\t<\/div>\n\t\t","protected":false},"excerpt":{"rendered":"<p>BAZIN AP\u0102 DULCE \u00a0Euroagrement \u00a0v\u0103 pune la dispozi\u021bie un bazin interior de 84mp, care are o\u00a0adancime de 0.6-1.4m, o temperatur\u0103 constant\u0103 de 30-32\u00b0C. \u00a0 \u00a0 Euroagrement\u00a0 v\u0103 pune la dispozi\u021bie\u00a0dou\u0103 bazine exterioare cu ap\u0103 dulce ce au au o ad\u00e2ncime \u00eentre 0.6 \u0219i 1.4m.\u00a0 \u00a0\u00a0<\/p>\n","protected":false},"author":1,"featured_media":0,"parent":0,"menu_order":0,"comment_status":"closed","ping_status":"closed","template":"","meta":{"footnotes":""},"class_list":["post-361","page","type-page","status-publish","hentry"],"yoast_head":"<!-- This site is optimized with the Yoast SEO plugin v25.1 - https:\/\/yoast.com\/wordpress\/plugins\/seo\/ -->\n<title>Strandul Euroagrement Gherla - Bazin apa dulce Gherla<\/title>\n<meta name=\"description\" content=\"Strandul Euroagrement Gherla va pune la dispozitie un bazin interior de 84mp, care are o adancime de 0.6-1.4m, o temperatura constanta de 30-32\u00b0C.\" \/>\n<meta name=\"robots\" content=\"index, follow, max-snippet:-1, max-image-preview:large, max-video-preview:-1\" \/>\n<link rel=\"canonical\" href=\"https:\/\/euroagrement.ro\/index.php\/strand-euroagrement-gherla-bazin-apa-dulce\/\" \/>\n<meta property=\"og:locale\" content=\"ro_RO\" \/>\n<meta property=\"og:type\" content=\"article\" \/>\n<meta property=\"og:title\" content=\"Strandul Euroagrement Gherla - Bazin apa dulce Gherla\" \/>\n<meta property=\"og:description\" content=\"Strandul Euroagrement Gherla va pune la dispozitie un bazin interior de 84mp, care are o adancime de 0.6-1.4m, o temperatura constanta de 30-32\u00b0C.\" \/>\n<meta property=\"og:url\" content=\"https:\/\/euroagrement.ro\/index.php\/strand-euroagrement-gherla-bazin-apa-dulce\/\" \/>\n<meta property=\"og:site_name\" content=\"Euroagrement\" \/>\n<meta property=\"article:modified_time\" content=\"2022-06-06T11:23:48+00:00\" \/>\n<meta property=\"og:image\" content=\"https:\/\/euroagrement.ro\/wp-content\/uploads\/2021\/08\/23.jpg\" \/>\n<meta name=\"twitter:card\" content=\"summary_large_image\" \/>\n<meta name=\"twitter:label1\" content=\"Timp estimat pentru citire\" \/>\n\t<meta name=\"twitter:data1\" content=\"2 minute\" \/>\n<script type=\"application\/ld+json\" class=\"yoast-schema-graph\">{\"@context\":\"https:\/\/schema.org\",\"@graph\":[{\"@type\":\"WebPage\",\"@id\":\"https:\/\/euroagrement.ro\/index.php\/strand-euroagrement-gherla-bazin-apa-dulce\/\",\"url\":\"https:\/\/euroagrement.ro\/index.php\/strand-euroagrement-gherla-bazin-apa-dulce\/\",\"name\":\"Strandul Euroagrement Gherla - Bazin apa dulce Gherla\",\"isPartOf\":{\"@id\":\"https:\/\/euroagrement.ro\/#website\"},\"primaryImageOfPage\":{\"@id\":\"https:\/\/euroagrement.ro\/index.php\/strand-euroagrement-gherla-bazin-apa-dulce\/#primaryimage\"},\"image\":{\"@id\":\"https:\/\/euroagrement.ro\/index.php\/strand-euroagrement-gherla-bazin-apa-dulce\/#primaryimage\"},\"thumbnailUrl\":\"https:\/\/euroagrement.ro\/wp-content\/uploads\/2021\/08\/23.jpg\",\"datePublished\":\"2016-09-30T08:04:03+00:00\",\"dateModified\":\"2022-06-06T11:23:48+00:00\",\"description\":\"Strandul Euroagrement Gherla va pune la dispozitie un bazin interior de 84mp, care are o adancime de 0.6-1.4m, o temperatura constanta de 30-32\u00b0C.\",\"breadcrumb\":{\"@id\":\"https:\/\/euroagrement.ro\/index.php\/strand-euroagrement-gherla-bazin-apa-dulce\/#breadcrumb\"},\"inLanguage\":\"ro-RO\",\"potentialAction\":[{\"@type\":\"ReadAction\",\"target\":[\"https:\/\/euroagrement.ro\/index.php\/strand-euroagrement-gherla-bazin-apa-dulce\/\"]}]},{\"@type\":\"ImageObject\",\"inLanguage\":\"ro-RO\",\"@id\":\"https:\/\/euroagrement.ro\/index.php\/strand-euroagrement-gherla-bazin-apa-dulce\/#primaryimage\",\"url\":\"https:\/\/euroagrement.ro\/wp-content\/uploads\/2021\/08\/23.jpg\",\"contentUrl\":\"https:\/\/euroagrement.ro\/wp-content\/uploads\/2021\/08\/23.jpg\",\"width\":600,\"height\":400},{\"@type\":\"BreadcrumbList\",\"@id\":\"https:\/\/euroagrement.ro\/index.php\/strand-euroagrement-gherla-bazin-apa-dulce\/#breadcrumb\",\"itemListElement\":[{\"@type\":\"ListItem\",\"position\":1,\"name\":\"Prima pagin\u0103\",\"item\":\"https:\/\/euroagrement.ro\/\"},{\"@type\":\"ListItem\",\"position\":2,\"name\":\"Bazine apa dulce\"}]},{\"@type\":\"WebSite\",\"@id\":\"https:\/\/euroagrement.ro\/#website\",\"url\":\"https:\/\/euroagrement.ro\/\",\"name\":\"Euroagrement\",\"description\":\"\",\"publisher\":{\"@id\":\"https:\/\/euroagrement.ro\/#organization\"},\"potentialAction\":[{\"@type\":\"SearchAction\",\"target\":{\"@type\":\"EntryPoint\",\"urlTemplate\":\"https:\/\/euroagrement.ro\/?s={search_term_string}\"},\"query-input\":{\"@type\":\"PropertyValueSpecification\",\"valueRequired\":true,\"valueName\":\"search_term_string\"}}],\"inLanguage\":\"ro-RO\"},{\"@type\":\"Organization\",\"@id\":\"https:\/\/euroagrement.ro\/#organization\",\"name\":\"Euroagrement\",\"url\":\"https:\/\/euroagrement.ro\/\",\"logo\":{\"@type\":\"ImageObject\",\"inLanguage\":\"ro-RO\",\"@id\":\"https:\/\/euroagrement.ro\/#\/schema\/logo\/image\/\",\"url\":\"https:\/\/euroagrement.ro\/wp-content\/uploads\/2016\/09\/cropped-logo-3-2.png\",\"contentUrl\":\"https:\/\/euroagrement.ro\/wp-content\/uploads\/2016\/09\/cropped-logo-3-2.png\",\"width\":398,\"height\":142,\"caption\":\"Euroagrement\"},\"image\":{\"@id\":\"https:\/\/euroagrement.ro\/#\/schema\/logo\/image\/\"}}]}<\/script>\n<!-- \/ Yoast SEO plugin. -->","yoast_head_json":{"title":"Strandul Euroagrement Gherla - Bazin apa dulce Gherla","description":"Strandul Euroagrement Gherla va pune la dispozitie un bazin interior de 84mp, care are o adancime de 0.6-1.4m, o temperatura constanta de 30-32\u00b0C.","robots":{"index":"index","follow":"follow","max-snippet":"max-snippet:-1","max-image-preview":"max-image-preview:large","max-video-preview":"max-video-preview:-1"},"canonical":"https:\/\/euroagrement.ro\/index.php\/strand-euroagrement-gherla-bazin-apa-dulce\/","og_locale":"ro_RO","og_type":"article","og_title":"Strandul Euroagrement Gherla - Bazin apa dulce Gherla","og_description":"Strandul Euroagrement Gherla va pune la dispozitie un bazin interior de 84mp, care are o adancime de 0.6-1.4m, o temperatura constanta de 30-32\u00b0C.","og_url":"https:\/\/euroagrement.ro\/index.php\/strand-euroagrement-gherla-bazin-apa-dulce\/","og_site_name":"Euroagrement","article_modified_time":"2022-06-06T11:23:48+00:00","og_image":[{"url":"https:\/\/euroagrement.ro\/wp-content\/uploads\/2021\/08\/23.jpg","type":"","width":"","height":""}],"twitter_card":"summary_large_image","twitter_misc":{"Timp estimat pentru citire":"2 minute"},"schema":{"@context":"https:\/\/schema.org","@graph":[{"@type":"WebPage","@id":"https:\/\/euroagrement.ro\/index.php\/strand-euroagrement-gherla-bazin-apa-dulce\/","url":"https:\/\/euroagrement.ro\/index.php\/strand-euroagrement-gherla-bazin-apa-dulce\/","name":"Strandul Euroagrement Gherla - Bazin apa dulce Gherla","isPartOf":{"@id":"https:\/\/euroagrement.ro\/#website"},"primaryImageOfPage":{"@id":"https:\/\/euroagrement.ro\/index.php\/strand-euroagrement-gherla-bazin-apa-dulce\/#primaryimage"},"image":{"@id":"https:\/\/euroagrement.ro\/index.php\/strand-euroagrement-gherla-bazin-apa-dulce\/#primaryimage"},"thumbnailUrl":"https:\/\/euroagrement.ro\/wp-content\/uploads\/2021\/08\/23.jpg","datePublished":"2016-09-30T08:04:03+00:00","dateModified":"2022-06-06T11:23:48+00:00","description":"Strandul Euroagrement Gherla va pune la dispozitie un bazin interior de 84mp, care are o adancime de 0.6-1.4m, o temperatura constanta de 30-32\u00b0C.","breadcrumb":{"@id":"https:\/\/euroagrement.ro\/index.php\/strand-euroagrement-gherla-bazin-apa-dulce\/#breadcrumb"},"inLanguage":"ro-RO","potentialAction":[{"@type":"ReadAction","target":["https:\/\/euroagrement.ro\/index.php\/strand-euroagrement-gherla-bazin-apa-dulce\/"]}]},{"@type":"ImageObject","inLanguage":"ro-RO","@id":"https:\/\/euroagrement.ro\/index.php\/strand-euroagrement-gherla-bazin-apa-dulce\/#primaryimage","url":"https:\/\/euroagrement.ro\/wp-content\/uploads\/2021\/08\/23.jpg","contentUrl":"https:\/\/euroagrement.ro\/wp-content\/uploads\/2021\/08\/23.jpg","width":600,"height":400},{"@type":"BreadcrumbList","@id":"https:\/\/euroagrement.ro\/index.php\/strand-euroagrement-gherla-bazin-apa-dulce\/#breadcrumb","itemListElement":[{"@type":"ListItem","position":1,"name":"Prima pagin\u0103","item":"https:\/\/euroagrement.ro\/"},{"@type":"ListItem","position":2,"name":"Bazine apa dulce"}]},{"@type":"WebSite","@id":"https:\/\/euroagrement.ro\/#website","url":"https:\/\/euroagrement.ro\/","name":"Euroagrement","description":"","publisher":{"@id":"https:\/\/euroagrement.ro\/#organization"},"potentialAction":[{"@type":"SearchAction","target":{"@type":"EntryPoint","urlTemplate":"https:\/\/euroagrement.ro\/?s={search_term_string}"},"query-input":{"@type":"PropertyValueSpecification","valueRequired":true,"valueName":"search_term_string"}}],"inLanguage":"ro-RO"},{"@type":"Organization","@id":"https:\/\/euroagrement.ro\/#organization","name":"Euroagrement","url":"https:\/\/euroagrement.ro\/","logo":{"@type":"ImageObject","inLanguage":"ro-RO","@id":"https:\/\/euroagrement.ro\/#\/schema\/logo\/image\/","url":"https:\/\/euroagrement.ro\/wp-content\/uploads\/2016\/09\/cropped-logo-3-2.png","contentUrl":"https:\/\/euroagrement.ro\/wp-content\/uploads\/2016\/09\/cropped-logo-3-2.png","width":398,"height":142,"caption":"Euroagrement"},"image":{"@id":"https:\/\/euroagrement.ro\/#\/schema\/logo\/image\/"}}]}},"_links":{"self":[{"href":"https:\/\/euroagrement.ro\/index.php\/wp-json\/wp\/v2\/pages\/361","targetHints":{"allow":["GET"]}}],"collection":[{"href":"https:\/\/euroagrement.ro\/index.php\/wp-json\/wp\/v2\/pages"}],"about":[{"href":"https:\/\/euroagrement.ro\/index.php\/wp-json\/wp\/v2\/types\/page"}],"author":[{"embeddable":true,"href":"https:\/\/euroagrement.ro\/index.php\/wp-json\/wp\/v2\/users\/1"}],"replies":[{"embeddable":true,"href":"https:\/\/euroagrement.ro\/index.php\/wp-json\/wp\/v2\/comments?post=361"}],"version-history":[{"count":83,"href":"https:\/\/euroagrement.ro\/index.php\/wp-json\/wp\/v2\/pages\/361\/revisions"}],"predecessor-version":[{"id":1741,"href":"https:\/\/euroagrement.ro\/index.php\/wp-json\/wp\/v2\/pages\/361\/revisions\/1741"}],"wp:attachment":[{"href":"https:\/\/euroagrement.ro\/index.php\/wp-json\/wp\/v2\/media?parent=361"}],"curies":[{"name":"wp","href":"https:\/\/api.w.org\/{rel}","templated":true}]}}