{"id":345,"date":"2016-09-30T07:58:34","date_gmt":"2016-09-30T07:58:34","guid":{"rendered":"http:\/\/clickglobal.ro\/euroagrement\/?page_id=345"},"modified":"2022-06-06T11:10:44","modified_gmt":"2022-06-06T11:10:44","slug":"strand-euroagrement-gherla-bazine-apa-sarata","status":"publish","type":"page","link":"https:\/\/euroagrement.ro\/index.php\/strand-euroagrement-gherla-bazine-apa-sarata\/","title":{"rendered":"Bazin apa sarata"},"content":{"rendered":"\t\t<div data-elementor-type=\"wp-page\" data-elementor-id=\"345\" class=\"elementor elementor-345\" data-elementor-post-type=\"page\">\n\t\t\t\t\t\t<section class=\"elementor-section elementor-top-section elementor-element elementor-element-27c7a7b8 elementor-section-boxed elementor-section-height-default elementor-section-height-default\" data-id=\"27c7a7b8\" data-element_type=\"section\">\n\t\t\t\t\t\t<div class=\"elementor-container elementor-column-gap-default\">\n\t\t\t\t\t<div class=\"elementor-column elementor-col-100 elementor-top-column elementor-element elementor-element-761961bb\" data-id=\"761961bb\" data-element_type=\"column\">\n\t\t\t<div class=\"elementor-widget-wrap elementor-element-populated\">\n\t\t\t\t\t\t<div class=\"elementor-element elementor-element-2d0047a5 elementor-widget elementor-widget-heading\" data-id=\"2d0047a5\" data-element_type=\"widget\" data-widget_type=\"heading.default\">\n\t\t\t\t<div class=\"elementor-widget-container\">\n\t\t\t\t\t<h2 class=\"elementor-heading-title elementor-size-default\">BAZIN AP\u0102 S\u0102RAT\u0102<\/h2>\t\t\t\t<\/div>\n\t\t\t\t<\/div>\n\t\t\t\t\t<\/div>\n\t\t<\/div>\n\t\t\t\t\t<\/div>\n\t\t<\/section>\n\t\t\t\t<section class=\"elementor-section elementor-top-section elementor-element elementor-element-0150473 elementor-section-boxed elementor-section-height-default elementor-section-height-default\" data-id=\"0150473\" data-element_type=\"section\">\n\t\t\t\t\t\t<div class=\"elementor-container elementor-column-gap-default\">\n\t\t\t\t\t<div class=\"elementor-column elementor-col-100 elementor-top-column elementor-element elementor-element-f1af004\" data-id=\"f1af004\" data-element_type=\"column\">\n\t\t\t<div class=\"elementor-widget-wrap\">\n\t\t\t\t\t\t\t<\/div>\n\t\t<\/div>\n\t\t\t\t\t<\/div>\n\t\t<\/section>\n\t\t\t\t<section class=\"elementor-section elementor-top-section elementor-element elementor-element-71b1442 elementor-section-boxed elementor-section-height-default elementor-section-height-default\" data-id=\"71b1442\" data-element_type=\"section\">\n\t\t\t\t\t\t<div class=\"elementor-container elementor-column-gap-default\">\n\t\t\t\t\t<div class=\"elementor-column elementor-col-50 elementor-top-column elementor-element elementor-element-1fdf73bb\" data-id=\"1fdf73bb\" data-element_type=\"column\">\n\t\t\t<div class=\"elementor-widget-wrap elementor-element-populated\">\n\t\t\t\t\t\t<div class=\"elementor-element elementor-element-4c421c33 elementor-widget elementor-widget-image\" data-id=\"4c421c33\" data-element_type=\"widget\" data-widget_type=\"image.default\">\n\t\t\t\t<div class=\"elementor-widget-container\">\n\t\t\t\t\t\t\t\t\t\t\t\t\t\t\t<img fetchpriority=\"high\" decoding=\"async\" width=\"600\" height=\"399\" src=\"https:\/\/euroagrement.ro\/wp-content\/uploads\/2016\/09\/564.jpg\" class=\"attachment-full size-full wp-image-348\" alt=\"\" srcset=\"https:\/\/euroagrement.ro\/wp-content\/uploads\/2016\/09\/564.jpg 600w, https:\/\/euroagrement.ro\/wp-content\/uploads\/2016\/09\/564-300x200.jpg 300w\" sizes=\"(max-width: 600px) 100vw, 600px\" \/>\t\t\t\t\t\t\t\t\t\t\t\t\t\t\t<\/div>\n\t\t\t\t<\/div>\n\t\t\t\t\t<\/div>\n\t\t<\/div>\n\t\t\t\t<div class=\"elementor-column elementor-col-50 elementor-top-column elementor-element elementor-element-666d0540\" data-id=\"666d0540\" data-element_type=\"column\" data-settings=\"{&quot;background_background&quot;:&quot;classic&quot;}\">\n\t\t\t<div class=\"elementor-widget-wrap elementor-element-populated\">\n\t\t\t\t\t\t<div class=\"elementor-element elementor-element-78e85f1c elementor-widget elementor-widget-text-editor\" data-id=\"78e85f1c\" data-element_type=\"widget\" data-widget_type=\"text-editor.default\">\n\t\t\t\t<div class=\"elementor-widget-container\">\n\t\t\t\t\t\t\t\t\t<p><strong>\u0218trandul Euroagrement Gherla<\/strong> v\u0103 pune la dispozi\u021bie un bazin cu ap\u0103 ce provine de la S\u0103r\u0103tura Gherla (concentra\u021bie de NaCl de 240g\/l).<\/p><p><strong>Beneficii ale apei s\u0103rate:<\/strong><br \/>\u2013 efect antialgic \u0219i antiinflamator pe aparatul locomotor<br \/>\u2013 cre\u0219te mobilitatea articular\u0103, flexibilitatea muscular\u0103, efect miorelaxant<br \/>\u2013 efect sedativ, relaxare general\u0103<br \/>\u2013 efect antiseptic pe tegument<br \/>\u2013 aerosoli pentru prevenirea \u0219i tratarea unor afec\u021biuni respiratorii<\/p><p><strong>Indica\u021bii:<\/strong><br \/>\u2013 afec\u021biuni locomotorii posttraumatice, degenerative (artroze ale coloanei vertebrale, genunchi, \u0219old, m\u00e2n\u0103, picior), abarticulare (tendinite, tenosinovite, bursite, fibromialgie) inflamatorii (spondilita anchilozant\u0103, poliartrita reumatoid\u0103 \u00een afara puseului)<br \/>\u2013 afec\u021biuni neurologice (leziuni de nervi periferici)<br \/>\u2013 afec\u021biuni circulatorii periferice veno-limfatice<br \/>\u2013 afec\u021biuni dermatologice (psoriazis)<br \/>\u2013 afec\u021biuni respiratorii (rino-faringite, sinuzite, astm bron\u0219ic , bron\u0219it\u0103 cronic\u0103).<\/p><p>\u00a0<\/p><p>\u00a0<\/p>\t\t\t\t\t\t\t\t<\/div>\n\t\t\t\t<\/div>\n\t\t\t\t\t<\/div>\n\t\t<\/div>\n\t\t\t\t\t<\/div>\n\t\t<\/section>\n\t\t\t\t<\/div>\n\t\t","protected":false},"excerpt":{"rendered":"<p>BAZIN AP\u0102 S\u0102RAT\u0102 \u0218trandul Euroagrement Gherla v\u0103 pune la dispozi\u021bie un bazin cu ap\u0103 ce provine de la S\u0103r\u0103tura Gherla (concentra\u021bie de NaCl de 240g\/l). Beneficii ale apei s\u0103rate:\u2013 efect antialgic \u0219i antiinflamator pe aparatul locomotor\u2013 cre\u0219te mobilitatea articular\u0103, flexibilitatea muscular\u0103, efect miorelaxant\u2013 efect sedativ, relaxare general\u0103\u2013 efect antiseptic pe tegument\u2013 aerosoli pentru prevenirea \u0219i [&hellip;]<\/p>\n","protected":false},"author":1,"featured_media":0,"parent":0,"menu_order":0,"comment_status":"closed","ping_status":"closed","template":"","meta":{"footnotes":""},"class_list":["post-345","page","type-page","status-publish","hentry"],"yoast_head":"<!-- This site is optimized with the Yoast SEO plugin v25.1 - https:\/\/yoast.com\/wordpress\/plugins\/seo\/ -->\n<title>Strandul Euroagrement Gherla - Bazin apa sarata Gherla<\/title>\n<meta name=\"description\" content=\"Strandul Euroagrement Gherla va pune la dispozitie un bazin cu apa ce provine de la Saratura Gherla (concentratie de NaCl de 240g\/l). Beneficii ale apei...\" \/>\n<meta name=\"robots\" content=\"index, follow, max-snippet:-1, max-image-preview:large, max-video-preview:-1\" \/>\n<link rel=\"canonical\" href=\"https:\/\/euroagrement.ro\/index.php\/strand-euroagrement-gherla-bazine-apa-sarata\/\" \/>\n<meta property=\"og:locale\" content=\"ro_RO\" \/>\n<meta property=\"og:type\" content=\"article\" \/>\n<meta property=\"og:title\" content=\"Strandul Euroagrement Gherla - Bazin apa sarata Gherla\" \/>\n<meta property=\"og:description\" content=\"Strandul Euroagrement Gherla va pune la dispozitie un bazin cu apa ce provine de la Saratura Gherla (concentratie de NaCl de 240g\/l). Beneficii ale apei...\" \/>\n<meta property=\"og:url\" content=\"https:\/\/euroagrement.ro\/index.php\/strand-euroagrement-gherla-bazine-apa-sarata\/\" \/>\n<meta property=\"og:site_name\" content=\"Euroagrement\" \/>\n<meta property=\"article:modified_time\" content=\"2022-06-06T11:10:44+00:00\" \/>\n<meta property=\"og:image\" content=\"https:\/\/euroagrement.ro\/wp-content\/uploads\/2016\/09\/564.jpg\" \/>\n<meta name=\"twitter:card\" content=\"summary_large_image\" \/>\n<meta name=\"twitter:label1\" content=\"Timp estimat pentru citire\" \/>\n\t<meta name=\"twitter:data1\" content=\"1 minut\" \/>\n<script type=\"application\/ld+json\" class=\"yoast-schema-graph\">{\"@context\":\"https:\/\/schema.org\",\"@graph\":[{\"@type\":\"WebPage\",\"@id\":\"https:\/\/euroagrement.ro\/index.php\/strand-euroagrement-gherla-bazine-apa-sarata\/\",\"url\":\"https:\/\/euroagrement.ro\/index.php\/strand-euroagrement-gherla-bazine-apa-sarata\/\",\"name\":\"Strandul Euroagrement Gherla - Bazin apa sarata Gherla\",\"isPartOf\":{\"@id\":\"https:\/\/euroagrement.ro\/#website\"},\"primaryImageOfPage\":{\"@id\":\"https:\/\/euroagrement.ro\/index.php\/strand-euroagrement-gherla-bazine-apa-sarata\/#primaryimage\"},\"image\":{\"@id\":\"https:\/\/euroagrement.ro\/index.php\/strand-euroagrement-gherla-bazine-apa-sarata\/#primaryimage\"},\"thumbnailUrl\":\"https:\/\/euroagrement.ro\/wp-content\/uploads\/2016\/09\/564.jpg\",\"datePublished\":\"2016-09-30T07:58:34+00:00\",\"dateModified\":\"2022-06-06T11:10:44+00:00\",\"description\":\"Strandul Euroagrement Gherla va pune la dispozitie un bazin cu apa ce provine de la Saratura Gherla (concentratie de NaCl de 240g\/l). Beneficii ale apei...\",\"breadcrumb\":{\"@id\":\"https:\/\/euroagrement.ro\/index.php\/strand-euroagrement-gherla-bazine-apa-sarata\/#breadcrumb\"},\"inLanguage\":\"ro-RO\",\"potentialAction\":[{\"@type\":\"ReadAction\",\"target\":[\"https:\/\/euroagrement.ro\/index.php\/strand-euroagrement-gherla-bazine-apa-sarata\/\"]}]},{\"@type\":\"ImageObject\",\"inLanguage\":\"ro-RO\",\"@id\":\"https:\/\/euroagrement.ro\/index.php\/strand-euroagrement-gherla-bazine-apa-sarata\/#primaryimage\",\"url\":\"https:\/\/euroagrement.ro\/wp-content\/uploads\/2016\/09\/564.jpg\",\"contentUrl\":\"https:\/\/euroagrement.ro\/wp-content\/uploads\/2016\/09\/564.jpg\",\"width\":600,\"height\":399},{\"@type\":\"BreadcrumbList\",\"@id\":\"https:\/\/euroagrement.ro\/index.php\/strand-euroagrement-gherla-bazine-apa-sarata\/#breadcrumb\",\"itemListElement\":[{\"@type\":\"ListItem\",\"position\":1,\"name\":\"Prima pagin\u0103\",\"item\":\"https:\/\/euroagrement.ro\/\"},{\"@type\":\"ListItem\",\"position\":2,\"name\":\"Bazin apa sarata\"}]},{\"@type\":\"WebSite\",\"@id\":\"https:\/\/euroagrement.ro\/#website\",\"url\":\"https:\/\/euroagrement.ro\/\",\"name\":\"Euroagrement\",\"description\":\"\",\"publisher\":{\"@id\":\"https:\/\/euroagrement.ro\/#organization\"},\"potentialAction\":[{\"@type\":\"SearchAction\",\"target\":{\"@type\":\"EntryPoint\",\"urlTemplate\":\"https:\/\/euroagrement.ro\/?s={search_term_string}\"},\"query-input\":{\"@type\":\"PropertyValueSpecification\",\"valueRequired\":true,\"valueName\":\"search_term_string\"}}],\"inLanguage\":\"ro-RO\"},{\"@type\":\"Organization\",\"@id\":\"https:\/\/euroagrement.ro\/#organization\",\"name\":\"Euroagrement\",\"url\":\"https:\/\/euroagrement.ro\/\",\"logo\":{\"@type\":\"ImageObject\",\"inLanguage\":\"ro-RO\",\"@id\":\"https:\/\/euroagrement.ro\/#\/schema\/logo\/image\/\",\"url\":\"https:\/\/euroagrement.ro\/wp-content\/uploads\/2016\/09\/cropped-logo-3-2.png\",\"contentUrl\":\"https:\/\/euroagrement.ro\/wp-content\/uploads\/2016\/09\/cropped-logo-3-2.png\",\"width\":398,\"height\":142,\"caption\":\"Euroagrement\"},\"image\":{\"@id\":\"https:\/\/euroagrement.ro\/#\/schema\/logo\/image\/\"}}]}<\/script>\n<!-- \/ Yoast SEO plugin. -->","yoast_head_json":{"title":"Strandul Euroagrement Gherla - Bazin apa sarata Gherla","description":"Strandul Euroagrement Gherla va pune la dispozitie un bazin cu apa ce provine de la Saratura Gherla (concentratie de NaCl de 240g\/l). Beneficii ale apei...","robots":{"index":"index","follow":"follow","max-snippet":"max-snippet:-1","max-image-preview":"max-image-preview:large","max-video-preview":"max-video-preview:-1"},"canonical":"https:\/\/euroagrement.ro\/index.php\/strand-euroagrement-gherla-bazine-apa-sarata\/","og_locale":"ro_RO","og_type":"article","og_title":"Strandul Euroagrement Gherla - Bazin apa sarata Gherla","og_description":"Strandul Euroagrement Gherla va pune la dispozitie un bazin cu apa ce provine de la Saratura Gherla (concentratie de NaCl de 240g\/l). Beneficii ale apei...","og_url":"https:\/\/euroagrement.ro\/index.php\/strand-euroagrement-gherla-bazine-apa-sarata\/","og_site_name":"Euroagrement","article_modified_time":"2022-06-06T11:10:44+00:00","og_image":[{"url":"https:\/\/euroagrement.ro\/wp-content\/uploads\/2016\/09\/564.jpg","type":"","width":"","height":""}],"twitter_card":"summary_large_image","twitter_misc":{"Timp estimat pentru citire":"1 minut"},"schema":{"@context":"https:\/\/schema.org","@graph":[{"@type":"WebPage","@id":"https:\/\/euroagrement.ro\/index.php\/strand-euroagrement-gherla-bazine-apa-sarata\/","url":"https:\/\/euroagrement.ro\/index.php\/strand-euroagrement-gherla-bazine-apa-sarata\/","name":"Strandul Euroagrement Gherla - Bazin apa sarata Gherla","isPartOf":{"@id":"https:\/\/euroagrement.ro\/#website"},"primaryImageOfPage":{"@id":"https:\/\/euroagrement.ro\/index.php\/strand-euroagrement-gherla-bazine-apa-sarata\/#primaryimage"},"image":{"@id":"https:\/\/euroagrement.ro\/index.php\/strand-euroagrement-gherla-bazine-apa-sarata\/#primaryimage"},"thumbnailUrl":"https:\/\/euroagrement.ro\/wp-content\/uploads\/2016\/09\/564.jpg","datePublished":"2016-09-30T07:58:34+00:00","dateModified":"2022-06-06T11:10:44+00:00","description":"Strandul Euroagrement Gherla va pune la dispozitie un bazin cu apa ce provine de la Saratura Gherla (concentratie de NaCl de 240g\/l). Beneficii ale apei...","breadcrumb":{"@id":"https:\/\/euroagrement.ro\/index.php\/strand-euroagrement-gherla-bazine-apa-sarata\/#breadcrumb"},"inLanguage":"ro-RO","potentialAction":[{"@type":"ReadAction","target":["https:\/\/euroagrement.ro\/index.php\/strand-euroagrement-gherla-bazine-apa-sarata\/"]}]},{"@type":"ImageObject","inLanguage":"ro-RO","@id":"https:\/\/euroagrement.ro\/index.php\/strand-euroagrement-gherla-bazine-apa-sarata\/#primaryimage","url":"https:\/\/euroagrement.ro\/wp-content\/uploads\/2016\/09\/564.jpg","contentUrl":"https:\/\/euroagrement.ro\/wp-content\/uploads\/2016\/09\/564.jpg","width":600,"height":399},{"@type":"BreadcrumbList","@id":"https:\/\/euroagrement.ro\/index.php\/strand-euroagrement-gherla-bazine-apa-sarata\/#breadcrumb","itemListElement":[{"@type":"ListItem","position":1,"name":"Prima pagin\u0103","item":"https:\/\/euroagrement.ro\/"},{"@type":"ListItem","position":2,"name":"Bazin apa sarata"}]},{"@type":"WebSite","@id":"https:\/\/euroagrement.ro\/#website","url":"https:\/\/euroagrement.ro\/","name":"Euroagrement","description":"","publisher":{"@id":"https:\/\/euroagrement.ro\/#organization"},"potentialAction":[{"@type":"SearchAction","target":{"@type":"EntryPoint","urlTemplate":"https:\/\/euroagrement.ro\/?s={search_term_string}"},"query-input":{"@type":"PropertyValueSpecification","valueRequired":true,"valueName":"search_term_string"}}],"inLanguage":"ro-RO"},{"@type":"Organization","@id":"https:\/\/euroagrement.ro\/#organization","name":"Euroagrement","url":"https:\/\/euroagrement.ro\/","logo":{"@type":"ImageObject","inLanguage":"ro-RO","@id":"https:\/\/euroagrement.ro\/#\/schema\/logo\/image\/","url":"https:\/\/euroagrement.ro\/wp-content\/uploads\/2016\/09\/cropped-logo-3-2.png","contentUrl":"https:\/\/euroagrement.ro\/wp-content\/uploads\/2016\/09\/cropped-logo-3-2.png","width":398,"height":142,"caption":"Euroagrement"},"image":{"@id":"https:\/\/euroagrement.ro\/#\/schema\/logo\/image\/"}}]}},"_links":{"self":[{"href":"https:\/\/euroagrement.ro\/index.php\/wp-json\/wp\/v2\/pages\/345","targetHints":{"allow":["GET"]}}],"collection":[{"href":"https:\/\/euroagrement.ro\/index.php\/wp-json\/wp\/v2\/pages"}],"about":[{"href":"https:\/\/euroagrement.ro\/index.php\/wp-json\/wp\/v2\/types\/page"}],"author":[{"embeddable":true,"href":"https:\/\/euroagrement.ro\/index.php\/wp-json\/wp\/v2\/users\/1"}],"replies":[{"embeddable":true,"href":"https:\/\/euroagrement.ro\/index.php\/wp-json\/wp\/v2\/comments?post=345"}],"version-history":[{"count":47,"href":"https:\/\/euroagrement.ro\/index.php\/wp-json\/wp\/v2\/pages\/345\/revisions"}],"predecessor-version":[{"id":1719,"href":"https:\/\/euroagrement.ro\/index.php\/wp-json\/wp\/v2\/pages\/345\/revisions\/1719"}],"wp:attachment":[{"href":"https:\/\/euroagrement.ro\/index.php\/wp-json\/wp\/v2\/media?parent=345"}],"curies":[{"name":"wp","href":"https:\/\/api.w.org\/{rel}","templated":true}]}}